{"id":29,"date":"2026-04-06T17:04:02","date_gmt":"2026-04-06T17:04:02","guid":{"rendered":"https:\/\/188m.dev\/?page_id=29"},"modified":"2026-04-06T17:56:28","modified_gmt":"2026-04-06T17:56:28","slug":"trang-chu","status":"publish","type":"page","link":"https:\/\/188m.dev\/","title":{"rendered":"Trang ch\u1ee7"},"content":{"rendered":"<div class=\"row row-collapse row-full-width\"  id=\"row-1342152135\">\n\n\t<div id=\"col-1365839569\" class=\"col medium-4 large-4\"  >\n\t\t\t\t<div class=\"col-inner\"  >\n\t\t\t\n\t\t\t\n\t<div class=\"img has-hover x md-x lg-x y md-y lg-y\" id=\"image_713548317\">\n\t\t<a class=\"\" href=\"https:\/\/188m.dev\/qc\/1\" target=\"_blank\" rel=\"noopener\" >\t\t\t\t\t\t<div class=\"img-inner dark\" >\n\t\t\t<img loading=\"lazy\" decoding=\"async\" width=\"1020\" height=\"300\" src=\"https:\/\/188m.dev\/wp-content\/uploads\/2026\/04\/188m-hoan.avif\" class=\"attachment-original size-original\" alt=\"188m\" srcset=\"https:\/\/188m.dev\/wp-content\/uploads\/2026\/04\/188m-hoan.avif 1020w, https:\/\/188m.dev\/wp-content\/uploads\/2026\/04\/188m-hoan-300x88.avif 300w, https:\/\/188m.dev\/wp-content\/uploads\/2026\/04\/188m-hoan-768x226.avif 768w\" sizes=\"auto, (max-width: 1020px) 100vw, 1020px\" \/>\t\t\t\t\t\t\n\t\t\t\t\t<\/div>\n\t\t\t\t\t\t<\/a>\t\t\n<style>\n#image_713548317 {\n  width: 100%;\n}\n<\/style>\n\t<\/div>\n\t\n\t\t<\/div>\n\t\t\t\t\t<\/div>\n\n\t\n\n\t<div id=\"col-1751161398\" class=\"col medium-4 large-4\"  >\n\t\t\t\t<div class=\"col-inner\"  >\n\t\t\t\n\t\t\t\n\t<div class=\"img has-hover x md-x lg-x y md-y lg-y\" id=\"image_1603159146\">\n\t\t<a class=\"\" href=\"https:\/\/188m.dev\/qc\/1\" target=\"_blank\" rel=\"noopener\" >\t\t\t\t\t\t<div class=\"img-inner dark\" >\n\t\t\t<img loading=\"lazy\" decoding=\"async\" width=\"1020\" height=\"300\" src=\"https:\/\/188m.dev\/wp-content\/uploads\/2026\/04\/188m-tai1111.avif\" class=\"attachment-original size-original\" alt=\"\" srcset=\"https:\/\/188m.dev\/wp-content\/uploads\/2026\/04\/188m-tai1111.avif 1020w, https:\/\/188m.dev\/wp-content\/uploads\/2026\/04\/188m-tai1111-300x88.avif 300w, https:\/\/188m.dev\/wp-content\/uploads\/2026\/04\/188m-tai1111-768x226.avif 768w\" sizes=\"auto, (max-width: 1020px) 100vw, 1020px\" \/>\t\t\t\t\t\t\n\t\t\t\t\t<\/div>\n\t\t\t\t\t\t<\/a>\t\t\n<style>\n#image_1603159146 {\n  width: 100%;\n}\n<\/style>\n\t<\/div>\n\t\n\t\t<\/div>\n\t\t\t\t\t<\/div>\n\n\t\n\n\t<div id=\"col-1287903960\" class=\"col medium-4 large-4\"  >\n\t\t\t\t<div class=\"col-inner\"  >\n\t\t\t\n\t\t\t\n\t<div class=\"img has-hover x md-x lg-x y md-y lg-y\" id=\"image_363150203\">\n\t\t<a class=\"\" href=\"https:\/\/188m.dev\/qc\/1\" target=\"_blank\" rel=\"noopener\" >\t\t\t\t\t\t<div class=\"img-inner dark\" >\n\t\t\t<img loading=\"lazy\" decoding=\"async\" width=\"1020\" height=\"300\" src=\"https:\/\/188m.dev\/wp-content\/uploads\/2026\/04\/188m-hoan.avif\" class=\"attachment-original size-original\" alt=\"188m\" srcset=\"https:\/\/188m.dev\/wp-content\/uploads\/2026\/04\/188m-hoan.avif 1020w, https:\/\/188m.dev\/wp-content\/uploads\/2026\/04\/188m-hoan-300x88.avif 300w, https:\/\/188m.dev\/wp-content\/uploads\/2026\/04\/188m-hoan-768x226.avif 768w\" sizes=\"auto, (max-width: 1020px) 100vw, 1020px\" \/>\t\t\t\t\t\t\n\t\t\t\t\t<\/div>\n\t\t\t\t\t\t<\/a>\t\t\n<style>\n#image_363150203 {\n  width: 100%;\n}\n<\/style>\n\t<\/div>\n\t\n\t\t<\/div>\n\t\t\t\t\t<\/div>\n\n\t\n<\/div>\n<div class=\"row\"  id=\"row-420124540\">\n\n\t<div id=\"col-572170693\" class=\"col small-12 large-12\"  >\n\t\t\t\t<div class=\"col-inner\"  >\n\t\t\t\n\t\t\t\n\t<div id=\"text-4188393222\" class=\"text\">\n\t\t\n<h1 style=\"text-align: center;\"><span style=\"font-family: verdana, geneva, sans-serif; color: #d83131;\"><strong><a style=\"color: #d83131;\" href=\"https:\/\/188m.com\/\" target=\"_blank\" rel=\"noopener\">188m | 188m.com<\/a> &#8211; Kho Game C\u1ef1c Kh\u1ee7ng, S\u0103n Th\u01b0\u1edfng C\u1ef1c Ch\u1ea5t!<\/strong><\/span><\/h1>\n<p><span style=\"font-family: verdana, geneva, sans-serif;\"><img loading=\"lazy\" decoding=\"async\" class=\"aligncenter wp-image-41 size-full\" src=\"https:\/\/188m.dev\/wp-content\/uploads\/2026\/04\/188m1.png\" alt=\"188m\" width=\"1920\" height=\"600\" srcset=\"https:\/\/188m.dev\/wp-content\/uploads\/2026\/04\/188m1.png 1920w, https:\/\/188m.dev\/wp-content\/uploads\/2026\/04\/188m1-300x94.png 300w, https:\/\/188m.dev\/wp-content\/uploads\/2026\/04\/188m1-1024x320.png 1024w, https:\/\/188m.dev\/wp-content\/uploads\/2026\/04\/188m1-768x240.png 768w, https:\/\/188m.dev\/wp-content\/uploads\/2026\/04\/188m1-1536x480.png 1536w\" sizes=\"auto, (max-width: 1920px) 100vw, 1920px\" \/><\/span><\/p>\n<p><span style=\"font-family: verdana, geneva, sans-serif;\"><span style=\"color: #d83131;\"><strong><a style=\"color: #d83131;\" href=\"https:\/\/188m.dev\/\">188M<\/a> <\/strong><\/span>L\u00e0 c\u00e1i t\u00ean m\u1edbi \u0111\u1ea7y \u1ea5n t\u01b0\u1ee3ng,\u00a0<strong class=\"Yjhzub\" data-sfc-root=\"c\" data-sfc-cb=\"\" data-complete=\"true\" data-processed=\"true\">188M<\/strong>\u00a0k\u1ebft h\u1ee3p ho\u00e0n h\u1ea3o gi\u1eefa h\u1ec7 th\u1ed1ng tr\u00f2 ch\u01a1i \u0111\u1ed3 s\u1ed9 v\u00e0 d\u1ecbch v\u1ee5 ch\u0103m s\u00f3c kh\u00e1ch h\u00e0ng 5 sao. T\u1eeb b\u01b0\u1edbc ch\u00e2n v\u1eefng ch\u1eafc t\u1ea1i n\u1ed9i \u0111\u1ecba \u0111\u1ebfn v\u1ecb th\u1ebf h\u00e0ng \u0111\u1ea7u Ch\u00e2u \u00c1, ch\u00fang t\u00f4i mang \u0111\u1ebfn m\u1ed9t s\u00e2n ch\u01a1i an to\u00e0n, minh b\u1ea1ch tuy\u1ec7t \u0111\u1ed1i. Tham gia ngay \u0111\u1ec3 t\u1eadn h\u01b0\u1edfng t\u1ef7 l\u1ec7 th\u01b0\u1edfng c\u1ef1c cao v\u00e0 nh\u1eefng ph\u00fat gi\u00e2y gi\u1ea3i tr\u00ed kh\u00f4ng gi\u1edbi h\u1ea1n!<\/span><\/p>\n<h2><strong><span style=\"font-family: verdana, geneva, sans-serif; color: #d83131;\">Nh\u1eefng \u01afu \u0110i\u1ec3m N\u1ed5i B\u1eadt Thu H\u00fat Ng\u01b0\u1eddi Ch\u01a1i T\u1ea1i 188M<\/span><\/strong><\/h2>\n<div class=\"Y3BBE\" data-sfc-cp=\"\" data-sfc-root=\"c\" data-sfc-cb=\"\" data-hveid=\"CAEIAxAA\" data-complete=\"true\" data-processed=\"true\"><span style=\"font-family: verdana, geneva, sans-serif;\">N\u1ebfu b\u1ea1n t\u00ecm ki\u1ebfm m\u1ed9t tr\u1ea3i nghi\u1ec7m gi\u1ea3i tr\u00ed \u0111\u1ec9nh cao,\u00a0<strong class=\"Yjhzub\" data-sfc-root=\"c\" data-sfc-cb=\"\" data-complete=\"true\" data-processed=\"true\">188M.com<\/strong> ch\u00ednh l\u00e0 c\u00e1i t\u00ean kh\u00f4ng th\u1ec3 b\u1ecf qua. V\u1edbi giao di\u1ec7n th\u00f4ng minh v\u00e0 h\u1ec7 th\u1ed1ng t\u00ednh n\u0103ng v\u01b0\u1ee3t tr\u1ed9i, 188M \u0111ang kh\u1eb3ng \u0111\u1ecbnh v\u1ecb th\u1ebf d\u1eabn \u0111\u1ea7u nh\u1edd 4 \u01b0u \u0111i\u1ec3m v\u00e0ng:<\/span><\/div>\n<ul class=\"KsbFXc U6u95\" data-sfc-root=\"c\" data-sfc-cb=\"\" data-complete=\"true\" data-processed=\"true\">\n<li class=\"dF3vjf\" data-sfc-root=\"c\" data-sfc-cb=\"\" data-hveid=\"CAEIBBAA\" data-complete=\"true\" data-sae=\"\"><span class=\"T286Pc\" style=\"font-family: verdana, geneva, sans-serif;\" data-sfc-cp=\"\" data-sfc-root=\"c\" data-sfc-cb=\"\" data-complete=\"true\"><strong class=\"Yjhzub\" data-sfc-root=\"c\" data-sfc-cb=\"\" data-complete=\"true\">Giao di\u1ec7n m\u01b0\u1ee3t m\u00e0:<\/strong>\u00a0T\u1ed1i \u01b0u \u0111a n\u1ec1n t\u1ea3ng, lo\u1ea1i b\u1ecf ho\u00e0n to\u00e0n t\u00ecnh tr\u1ea1ng gi\u1eadt lag.<\/span><\/li>\n<li class=\"dF3vjf\" data-sfc-root=\"c\" data-sfc-cb=\"\" data-hveid=\"CAEIBBAB\" data-complete=\"true\" data-sae=\"\"><span class=\"T286Pc\" style=\"font-family: verdana, geneva, sans-serif;\" data-sfc-cp=\"\" data-sfc-root=\"c\" data-sfc-cb=\"\" data-complete=\"true\"><strong class=\"Yjhzub\" data-sfc-root=\"c\" data-sfc-cb=\"\" data-complete=\"true\">B\u1ea3o m\u1eadt tuy\u1ec7t \u0111\u1ed1i:<\/strong>\u00a0C\u00f4ng ngh\u1ec7 m\u00e3 h\u00f3a ti\u00ean ti\u1ebfn b\u1ea3o v\u1ec7 th\u00f4ng tin 100%.<\/span><\/li>\n<li class=\"dF3vjf\" data-sfc-root=\"c\" data-sfc-cb=\"\" data-hveid=\"CAEIBBAC\" data-complete=\"true\" data-sae=\"\"><span class=\"T286Pc\" style=\"font-family: verdana, geneva, sans-serif;\" data-sfc-cp=\"\" data-sfc-root=\"c\" data-sfc-cb=\"\" data-complete=\"true\"><strong class=\"Yjhzub\" data-sfc-root=\"c\" data-sfc-cb=\"\" data-complete=\"true\">N\u1ea1p r\u00fat th\u1ea7n t\u1ed1c:<\/strong>\u00a0Quy tr\u00ecnh tinh gi\u1ea3n, h\u1ed7 tr\u1ee3 \u0111a ph\u01b0\u01a1ng th\u1ee9c thanh to\u00e1n 24\/7.<\/span><\/li>\n<li class=\"dF3vjf\" data-sfc-root=\"c\" data-sfc-cb=\"\" data-hveid=\"CAEIBBAD\" data-complete=\"true\" data-sae=\"\"><span class=\"T286Pc\" style=\"font-family: verdana, geneva, sans-serif;\" data-sfc-cp=\"\" data-sfc-root=\"c\" data-sfc-cb=\"\" data-complete=\"true\" aria-owns=\"action-menu-parent-container\"><strong class=\"Yjhzub\" data-sfc-root=\"c\" data-sfc-cb=\"\" data-complete=\"true\">H\u1ed7 tr\u1ee3 t\u1eadn t\u00e2m:<\/strong>\u00a0\u0110\u1ed9i ng\u0169 CSKH chuy\u00ean nghi\u1ec7p tr\u1ef1c tuy\u1ebfn 24\/7 qua Zalo, Telegram.<\/span><\/li>\n<\/ul>\n<h2><span style=\"color: #d83131;\"><strong><span style=\"font-family: verdana, geneva, sans-serif;\">Kh\u00e1m ph\u00e1 nh\u1eefng si\u00eau ph\u1ea9m c\u1ef1c hot t\u1ea1i 188M<\/span><\/strong><\/span><\/h2>\n\t\t\n<style>\n#text-4188393222 {\n  color: rgb(255,255,255);\n}\n#text-4188393222 > * {\n  color: rgb(255,255,255);\n}\n<\/style>\n\t<\/div>\n\t\n<div class=\"row\"  id=\"row-1973521389\">\n\n\t<div id=\"col-1851145936\" class=\"col small-12 large-12\"  >\n\t\t\t\t<div class=\"col-inner text-center\"  >\n\t\t\t\n\t\t\t\n\t<div class=\"img has-hover x md-x lg-x y md-y lg-y\" id=\"image_110460056\">\n\t\t<a class=\"\" href=\"https:\/\/188m.dev\/qc\/2\" target=\"_blank\" rel=\"noopener\">\t\t\t\t\t\t<div class=\"img-inner image-zoom dark\" >\n\t\t\t<img loading=\"lazy\" decoding=\"async\" width=\"750\" height=\"646\" src=\"https:\/\/188m.dev\/wp-content\/uploads\/2026\/04\/kho-game.png\" class=\"attachment-original size-original\" alt=\"188M\" srcset=\"https:\/\/188m.dev\/wp-content\/uploads\/2026\/04\/kho-game.png 750w, https:\/\/188m.dev\/wp-content\/uploads\/2026\/04\/kho-game-300x258.png 300w\" sizes=\"auto, (max-width: 750px) 100vw, 750px\" \/>\t\t\t\t\t\t\n\t\t\t\t\t<\/div>\n\t\t\t\t\t\t<\/a>\t\t\n<style>\n#image_110460056 {\n  width: 85%;\n}\n<\/style>\n\t<\/div>\n\t\n\t<div id=\"text-774877205\" class=\"text\">\n\t\t\n<p><span style=\"font-family: verdana, geneva, sans-serif;\">T\u1ea1i\u00a0<strong class=\"Yjhzub\" data-sfc-root=\"c\" data-sfc-cb=\"\" data-complete=\"true\" data-processed=\"true\">188M<\/strong>, anh em s\u1ebd \u0111\u01b0\u1ee3c \u0111\u1eafm m\u00ecnh trong kho tr\u00f2 ch\u01a1i \u0111\u1ed3 s\u1ed9: t\u1eeb Th\u1ec3 thao s\u00f4i \u0111\u1ed9ng, Casino tr\u1ef1c tuy\u1ebfn sang tr\u1ecdng \u0111\u1ebfn N\u1ed5 h\u0169, B\u1eafn c\u00e1 v\u00e0 \u0110\u00e1 g\u00e0 \u0111\u1ea7y th\u1eed th\u00e1ch. V\u1edbi m\u1ee9c c\u01b0\u1ee3c linh ho\u1ea1t, 188M l\u00e0 s\u00e2n ch\u01a1i ho\u00e0n h\u1ea3o cho c\u1ea3 t\u00e2n th\u1ee7 l\u1eabn cao th\u1ee7 d\u00e0y d\u1eb7n kinh nghi\u1ec7m. Tham gia ngay \u0111\u1ec3 s\u0103n th\u01b0\u1edfng, bung k\u00e8o v\u00e0 chinh ph\u1ee5c m\u1ecdi \u0111\u1ec9nh cao may m\u1eafn c\u00f9ng\u00a0<strong class=\"Yjhzub\" data-sfc-root=\"c\" data-sfc-cb=\"\" data-complete=\"true\" data-processed=\"true\">188M.com<\/strong>!<\/span><br \/>\n\t\t\n<style>\n#text-774877205 {\n  color: rgb(255,255,255);\n}\n#text-774877205 > * {\n  color: rgb(255,255,255);\n}\n<\/style>\n\t<\/div>\n\t\n\t\t<\/div>\n\t\t\t\t\t<\/div>\n\n\t\n<\/div>\n<div class=\"row\"  id=\"row-1067435669\">\n\n\t<div id=\"col-1557225451\" class=\"col small-12 large-12\"  >\n\t\t\t\t<div class=\"col-inner\"  >\n\t\t\t\n\t\t\t\n\t<div id=\"text-2847655349\" class=\"text\">\n\t\t\n<h2 class=\"Y3BBE\" data-sfc-root=\"c\" data-hveid=\"CAEIAxAA\" data-complete=\"true\" data-processed=\"true\"><span style=\"font-family: verdana, geneva, sans-serif; color: #d83131;\"><strong class=\"Yjhzub\" data-sfc-root=\"c\" data-sfc-cb=\"\" data-complete=\"true\" data-processed=\"true\">Khuy\u1ec5n M\u00e3i C\u1ef1c Kh\u1ee7ng, C\u1eadp Nh\u1eadt Li\u00ean T\u1ee5c T\u1ea1i 188M!<\/strong><\/span><\/h2>\n<p class=\"Y3BBE\" data-sfc-root=\"c\" data-hveid=\"CAEIAxAA\" data-complete=\"true\" data-processed=\"true\"><span style=\"font-family: verdana, geneva, sans-serif;\">D\u00e0nh ri\u00eang cho t\u00e2n th\u1ee7 v\u00e0 tri \u00e2n h\u1ed9i vi\u00ean l\u00e2u n\u0103m, <strong class=\"Yjhzub\" data-sfc-root=\"c\" data-sfc-cb=\"\" data-complete=\"true\" data-processed=\"true\">188M<\/strong> mang \u0111\u1ebfn h\u1ec7 th\u1ed1ng \u01b0u \u0111\u00e3i &#8220;kh\u00f4ng \u0111\u1ed1i th\u1ee7&#8221;:<\/span><\/p>\n<ul class=\"KsbFXc U6u95\" data-sfc-root=\"c\" data-sfc-cb=\"\" data-complete=\"true\" data-processed=\"true\">\n<li class=\"dF3vjf\" data-sfc-root=\"c\" data-sfc-cb=\"\" data-hveid=\"CAEIBBAA\" data-complete=\"true\" data-sae=\"\"><span class=\"T286Pc\" style=\"font-family: verdana, geneva, sans-serif;\" data-sfc-cp=\"\" data-sfc-root=\"c\" data-sfc-cb=\"\" data-complete=\"true\">\ud83c\udf81\u00a0<strong class=\"Yjhzub\" data-sfc-root=\"c\" data-sfc-cb=\"\" data-complete=\"true\">Th\u01b0\u1edfng 100% n\u1ea1p \u0111\u1ea7u:<\/strong>\u00a0Nh\u00e2n \u0111\u00f4i v\u1ed1n c\u01b0\u1ee3c cho ng\u01b0\u1eddi m\u1edbi.<\/span><\/li>\n<li class=\"dF3vjf\" data-sfc-root=\"c\" data-sfc-cb=\"\" data-hveid=\"CAEIBBAB\" data-complete=\"true\" data-sae=\"\"><span class=\"T286Pc\" style=\"font-family: verdana, geneva, sans-serif;\" data-sfc-cp=\"\" data-sfc-root=\"c\" data-sfc-cb=\"\" data-complete=\"true\">\ud83d\udcb0\u00a0<strong class=\"Yjhzub\" data-sfc-root=\"c\" data-sfc-cb=\"\" data-complete=\"true\">Ho\u00e0n tr\u1ea3 kh\u00f4ng gi\u1edbi h\u1ea1n:<\/strong>\u00a0\u00c1p d\u1ee5ng m\u1ed7i ng\u00e0y cho Slot, Th\u1ec3 thao, Casino.<\/span><\/li>\n<li class=\"dF3vjf\" data-sfc-root=\"c\" data-sfc-cb=\"\" data-hveid=\"CAEIBBAC\" data-complete=\"true\" data-sae=\"\"><span class=\"T286Pc\" style=\"font-family: verdana, geneva, sans-serif;\" data-sfc-cp=\"\" data-sfc-root=\"c\" data-sfc-cb=\"\" data-complete=\"true\">\ud83d\ude80\u00a0<strong class=\"Yjhzub\" data-sfc-root=\"c\" data-sfc-cb=\"\" data-complete=\"true\">Th\u01b0\u1edfng n\u1ea1p h\u00e0ng tu\u1ea7n:<\/strong>\u00a0Nh\u1eadn th\u00eam \u0111\u1ebfn 20% gi\u00e1 tr\u1ecb n\u1ea1p.<\/span><\/li>\n<li class=\"dF3vjf\" data-sfc-root=\"c\" data-sfc-cb=\"\" data-hveid=\"CAEIBBAD\" data-complete=\"true\" data-sae=\"\"><span class=\"T286Pc\" style=\"font-family: verdana, geneva, sans-serif;\" data-sfc-cp=\"\" data-sfc-root=\"c\" data-sfc-cb=\"\" data-complete=\"true\">\ud83d\udc8e\u00a0<strong class=\"Yjhzub\" data-sfc-root=\"c\" data-sfc-cb=\"\" data-complete=\"true\">\u0110\u1eb7c quy\u1ec1n VIP:<\/strong>\u00a0T\u1eb7ng qu\u00e0 sinh nh\u1eadt v\u00e0 \u01b0u \u0111\u00e3i ri\u00eang bi\u1ec7t.<\/span><\/li>\n<li class=\"dF3vjf\" data-sfc-root=\"c\" data-sfc-cb=\"\" data-hveid=\"CAEIBBAE\" data-complete=\"true\" data-sae=\"\"><span class=\"T286Pc\" style=\"font-family: verdana, geneva, sans-serif;\" data-sfc-cp=\"\" data-sfc-root=\"c\" data-sfc-cb=\"\" data-complete=\"true\" aria-owns=\"action-menu-parent-container\">\ud83d\udcf2\u00a0<strong class=\"Yjhzub\" data-sfc-root=\"c\" data-sfc-cb=\"\" data-complete=\"true\">Th\u01b0\u1edfng T\u1ea3i App &amp; Gi\u1edbi thi\u1ec7u:<\/strong>\u00a0Nh\u1eadn qu\u00e0 li\u1ec1n tay khi chia s\u1ebb \u0111am m\u00ea.<\/span><\/li>\n<\/ul>\n\t\t\n<style>\n#text-2847655349 {\n  color: rgb(255,255,255);\n}\n#text-2847655349 > * {\n  color: rgb(255,255,255);\n}\n<\/style>\n\t<\/div>\n\t\n<div class=\"row\"  id=\"row-777014469\">\n\n\t<div id=\"col-313918925\" class=\"col medium-6 small-12 large-6\"  >\n\t\t\t\t<div class=\"col-inner\"  >\n\t\t\t\n\t\t\t\n\t<div class=\"img has-hover x md-x lg-x y md-y lg-y\" id=\"image_1262981418\">\n\t\t\t\t\t\t\t\t<div class=\"img-inner dark\" >\n\t\t\t<img loading=\"lazy\" decoding=\"async\" width=\"710\" height=\"320\" src=\"https:\/\/188m.dev\/wp-content\/uploads\/2026\/04\/188m-nd.avif\" class=\"attachment-original size-original\" alt=\"188M\" srcset=\"https:\/\/188m.dev\/wp-content\/uploads\/2026\/04\/188m-nd.avif 710w, https:\/\/188m.dev\/wp-content\/uploads\/2026\/04\/188m-nd-300x135.avif 300w\" sizes=\"auto, (max-width: 710px) 100vw, 710px\" \/>\t\t\t\t\t\t\n\t\t\t\t\t<\/div>\n\t\t\t\t\t\t\t\t\n<style>\n#image_1262981418 {\n  width: 100%;\n}\n<\/style>\n\t<\/div>\n\t\n\t\t<\/div>\n\t\t\t\t\t<\/div>\n\n\t\n\n\t<div id=\"col-518919563\" class=\"col medium-6 small-12 large-6\"  >\n\t\t\t\t<div class=\"col-inner\"  >\n\t\t\t\n\t\t\t\n\t<div class=\"img has-hover x md-x lg-x y md-y lg-y\" id=\"image_1579020437\">\n\t\t\t\t\t\t\t\t<div class=\"img-inner dark\" >\n\t\t\t<img loading=\"lazy\" decoding=\"async\" width=\"710\" height=\"320\" src=\"https:\/\/188m.dev\/wp-content\/uploads\/2026\/04\/188M-T2.avif\" class=\"attachment-original size-original\" alt=\"188M\" srcset=\"https:\/\/188m.dev\/wp-content\/uploads\/2026\/04\/188M-T2.avif 710w, https:\/\/188m.dev\/wp-content\/uploads\/2026\/04\/188M-T2-300x135.avif 300w\" sizes=\"auto, (max-width: 710px) 100vw, 710px\" \/>\t\t\t\t\t\t\n\t\t\t\t\t<\/div>\n\t\t\t\t\t\t\t\t\n<style>\n#image_1579020437 {\n  width: 100%;\n}\n<\/style>\n\t<\/div>\n\t\n\t\t<\/div>\n\t\t\t\t\t<\/div>\n\n\t\n<\/div>\n<div class=\"row\"  id=\"row-811901128\">\n\n\t<div id=\"col-1875011083\" class=\"col medium-6 small-12 large-6\"  >\n\t\t\t\t<div class=\"col-inner\"  >\n\t\t\t\n\t\t\t\n\t<div class=\"img has-hover x md-x lg-x y md-y lg-y\" id=\"image_1308991062\">\n\t\t\t\t\t\t\t\t<div class=\"img-inner dark\" >\n\t\t\t<img loading=\"lazy\" decoding=\"async\" width=\"710\" height=\"320\" src=\"https:\/\/188m.dev\/wp-content\/uploads\/2026\/04\/188M-TRIAN.avif\" class=\"attachment-original size-original\" alt=\"188M\" srcset=\"https:\/\/188m.dev\/wp-content\/uploads\/2026\/04\/188M-TRIAN.avif 710w, https:\/\/188m.dev\/wp-content\/uploads\/2026\/04\/188M-TRIAN-300x135.avif 300w\" sizes=\"auto, (max-width: 710px) 100vw, 710px\" \/>\t\t\t\t\t\t\n\t\t\t\t\t<\/div>\n\t\t\t\t\t\t\t\t\n<style>\n#image_1308991062 {\n  width: 100%;\n}\n<\/style>\n\t<\/div>\n\t\n\t\t<\/div>\n\t\t\t\t\t<\/div>\n\n\t\n\n\t<div id=\"col-287401630\" class=\"col medium-6 small-12 large-6\"  >\n\t\t\t\t<div class=\"col-inner\"  >\n\t\t\t\n\t\t\t\n\t<div class=\"img has-hover x md-x lg-x y md-y lg-y\" id=\"image_772474512\">\n\t\t\t\t\t\t\t\t<div class=\"img-inner dark\" >\n\t\t\t<img loading=\"lazy\" decoding=\"async\" width=\"710\" height=\"320\" src=\"https:\/\/188m.dev\/wp-content\/uploads\/2026\/04\/188m-vip.avif\" class=\"attachment-original size-original\" alt=\"188M\" srcset=\"https:\/\/188m.dev\/wp-content\/uploads\/2026\/04\/188m-vip.avif 710w, https:\/\/188m.dev\/wp-content\/uploads\/2026\/04\/188m-vip-300x135.avif 300w\" sizes=\"auto, (max-width: 710px) 100vw, 710px\" \/>\t\t\t\t\t\t\n\t\t\t\t\t<\/div>\n\t\t\t\t\t\t\t\t\n<style>\n#image_772474512 {\n  width: 100%;\n}\n<\/style>\n\t<\/div>\n\t\n\t\t<\/div>\n\t\t\t\t\t<\/div>\n\n\t\n<\/div>\n\t\t<\/div>\n\t\t\t\t\t<\/div>\n\n\t\n<\/div>\n<h3 class=\"accordion_title\">C\u00e1c c\u00e2u h\u1ecfi th\u01b0\u1eddng g\u1eb7p (FAQ)?<\/h3><div class=\"accordion\">\n\t<div id=\"accordion-3504303995\" class=\"accordion-item\">\n\t\t<a id=\"accordion-3504303995-label\" class=\"accordion-title plain\" href=\"#accordion-item-nh\u00e0-c\u00e1i-188m-c\u00f3-uy-t\u00edn-kh\u00f4ng?\" aria-expanded=\"false\" aria-controls=\"accordion-3504303995-content\" >\n\t\t\t<button class=\"toggle\" aria-label=\"Chuy\u1ec3n \u0111\u1ed5i\"><i class=\"icon-angle-down\"><\/i><\/button>\n\t\t\t<span>Nh\u00e0 c\u00e1i 188M c\u00f3 uy t\u00edn kh\u00f4ng?<\/span>\n\t\t<\/a>\n\t\t<div id=\"accordion-3504303995-content\" class=\"accordion-inner\" aria-labelledby=\"accordion-3504303995-label\" >\n\t\t\t\n\t<div id=\"text-4238862502\" class=\"text\">\n\t\t\n<p><span style=\"font-family: verdana, geneva, sans-serif;\">188M l\u00e0 nh\u00e0 c\u00e1i h\u1ee3p ph\u00e1p v\u1edbi h\u01a1n 10 n\u0103m kinh nghi\u1ec7m, s\u1edf h\u1eefu gi\u1ea5y ph\u00e9p kinh doanh qu\u1ed1c t\u1ebf. Ch\u00fang t\u00f4i cam k\u1ebft b\u1ea3o m\u1eadt tuy\u1ec7t \u0111\u1ed1i v\u00e0 minh b\u1ea1ch trong m\u1ecdi k\u1ebft qu\u1ea3 c\u01b0\u1ee3c.<\/span><br \/>\n\t\t\n<style>\n#text-4238862502 {\n  color: rgb(255,255,255);\n}\n#text-4238862502 > * {\n  color: rgb(255,255,255);\n}\n<\/style>\n\t<\/div>\n\t\n\t\t<\/div>\n\t<\/div>\n\t\n\t<div id=\"accordion-3828956504\" class=\"accordion-item\">\n\t\t<a id=\"accordion-3828956504-label\" class=\"accordion-title plain\" href=\"#accordion-item-\u0110\u0103ng-k\u00fd-t\u00e0i-kho\u1ea3n-188m-c\u00f3-m\u1ea5t-ph\u00ed-kh\u00f4ng?\" aria-expanded=\"false\" aria-controls=\"accordion-3828956504-content\" >\n\t\t\t<button class=\"toggle\" aria-label=\"Chuy\u1ec3n \u0111\u1ed5i\"><i class=\"icon-angle-down\"><\/i><\/button>\n\t\t\t<span>\u0110\u0103ng k\u00fd t\u00e0i kho\u1ea3n 188M c\u00f3 m\u1ea5t ph\u00ed kh\u00f4ng?<\/span>\n\t\t<\/a>\n\t\t<div id=\"accordion-3828956504-content\" class=\"accordion-inner\" aria-labelledby=\"accordion-3828956504-label\" >\n\t\t\t\n\t<div id=\"text-2682846830\" class=\"text\">\n\t\t\n<p><span style=\"font-family: verdana, geneva, sans-serif;\">Ho\u00e0n to\u00e0n\u00a0<strong class=\"Yjhzub\" data-sfc-root=\"c\" data-sfc-cb=\"\" data-complete=\"true\" data-processed=\"true\">mi\u1ec5n ph\u00ed<\/strong>. B\u1ea1n ch\u1ec9 m\u1ea5t 30 gi\u00e2y \u0111\u1ec3 \u0111\u0103ng k\u00fd v\u00e0 c\u00f2n c\u00f3 c\u01a1 h\u1ed9i nh\u1eadn ngay g\u00f3i qu\u00e0 t\u1eb7ng t\u00e2n th\u1ee7 kh\u1edfi nghi\u1ec7p.<\/span><br \/>\n\t\t\n<style>\n#text-2682846830 {\n  color: rgb(255,255,255);\n}\n#text-2682846830 > * {\n  color: rgb(255,255,255);\n}\n<\/style>\n\t<\/div>\n\t\n\t\t<\/div>\n\t<\/div>\n\t\n\t<div id=\"accordion-1761320675\" class=\"accordion-item\">\n\t\t<a id=\"accordion-1761320675-label\" class=\"accordion-title plain\" href=\"#accordion-item-n\u1ebfu-qu\u00ean-m\u1eadt-kh\u1ea9u-t\u00f4i-ph\u1ea3i-l\u00e0m-sao?\" aria-expanded=\"false\" aria-controls=\"accordion-1761320675-content\" >\n\t\t\t<button class=\"toggle\" aria-label=\"Chuy\u1ec3n \u0111\u1ed5i\"><i class=\"icon-angle-down\"><\/i><\/button>\n\t\t\t<span>N\u1ebfu qu\u00ean m\u1eadt kh\u1ea9u t\u00f4i ph\u1ea3i l\u00e0m sao?<\/span>\n\t\t<\/a>\n\t\t<div id=\"accordion-1761320675-content\" class=\"accordion-inner\" aria-labelledby=\"accordion-1761320675-label\" >\n\t\t\t\n\t<div id=\"text-690504600\" class=\"text\">\n\t\t\n<div class=\"Y3BBE\" data-sfc-cp=\"\" data-sfc-root=\"c\" data-sfc-cb=\"\" data-hveid=\"CAEICBAA\" data-complete=\"true\" data-processed=\"true\"><span style=\"font-family: verdana, geneva, sans-serif;\">B\u1ea1n ch\u1ec9 c\u1ea7n nh\u1ea5n v\u00e0o m\u1ee5c &#8220;Qu\u00ean m\u1eadt kh\u1ea9u&#8221; ho\u1eb7c li\u00ean h\u1ec7 tr\u1ef1c ti\u1ebfp v\u1edbi \u0111\u1ed9i ng\u0169\u00a0<strong class=\"Yjhzub\" data-sfc-root=\"c\" data-sfc-cb=\"\" data-complete=\"true\" data-processed=\"true\">CSKH 24\/7<\/strong> qua Chat tr\u1ef1c tuy\u1ebfn, Telegram ho\u1eb7c Zalo \u0111\u1ec3 \u0111\u01b0\u1ee3c h\u1ed7 tr\u1ee3 c\u1ea5p l\u1ea1i nhanh nh\u1ea5t.<\/span><\/div>\n\t\t\n<style>\n#text-690504600 {\n  color: rgb(255,255,255);\n}\n#text-690504600 > * {\n  color: rgb(255,255,255);\n}\n<\/style>\n\t<\/div>\n\t\n\t\t<\/div>\n\t<\/div>\n\t\n<\/div>\n\t\t<\/div>\n\t\t\t\t\t<\/div>\n\n\t\n<\/div>\n<div class=\"row\"  id=\"row-308340762\">\n\n\t<div id=\"col-2066701860\" class=\"col small-12 large-12\"  >\n\t\t\t\t<div class=\"col-inner\"  >\n\t\t\t\n\t\t\t\n\t<div id=\"text-2675559316\" class=\"text\">\n\t\t\n<h2 class=\"Y3BBE\" data-sfc-root=\"c\" data-hveid=\"CAEIAxAA\" data-complete=\"true\" data-processed=\"true\"><span style=\"font-family: verdana, geneva, sans-serif; color: #d83131;\"><strong class=\"Yjhzub\" data-sfc-root=\"c\" data-sfc-cb=\"\" data-complete=\"true\" data-processed=\"true\">K\u1ebft Lu\u1eadn<\/strong><\/span><\/h2>\n<div class=\"Y3BBE\" data-sfc-cp=\"\" data-sfc-root=\"c\" data-sfc-cb=\"\" data-hveid=\"CAEIAxAA\" data-complete=\"true\" data-processed=\"true\"><span style=\"font-family: verdana, geneva, sans-serif;\">V\u1edbi kho tr\u00f2 ch\u01a1i \u0111a d\u1ea1ng, d\u1ecbch v\u1ee5 chuy\u00ean nghi\u1ec7p v\u00e0 h\u1ec7 th\u1ed1ng b\u1ea3o m\u1eadt tuy\u1ec7t \u0111\u1ed1i, <strong class=\"Yjhzub\" data-sfc-root=\"c\" data-sfc-cb=\"\" data-complete=\"true\" data-processed=\"true\">188M<\/strong>\u00a0kh\u1eb3ng \u0111\u1ecbnh v\u1ecb th\u1ebf l\u00e0 thi\u00ean \u0111\u01b0\u1eddng c\u00e1 c\u01b0\u1ee3c uy t\u00edn h\u00e0ng \u0111\u1ea7u hi\u1ec7n nay. \u0110\u00e2y kh\u00f4ng ch\u1ec9 l\u00e0 n\u01a1i gi\u1ea3i tr\u00ed \u0111\u1ec9nh cao m\u00e0 c\u00f2n l\u00e0 c\u01a1 h\u1ed9i b\u1ee9t ph\u00e1 l\u1ee3i nhu\u1eadn trong m\u00f4i tr\u01b0\u1eddng c\u00f4ng b\u1eb1ng, \u0111\u1eb3ng c\u1ea5p. H\u00e3y truy c\u1eadp\u00a0<strong class=\"Yjhzub\" data-sfc-root=\"c\" data-sfc-cb=\"\" data-complete=\"true\" data-processed=\"true\">188M.com<\/strong> ngay h\u00f4m nay \u0111\u1ec3 l\u00e0m ch\u1ee7 nh\u1eefng v\u00e1n \u0111\u1ea5u k\u1ecbch t\u00ednh v\u00e0 g\u1eb7t h\u00e1i th\u00e0nh c\u00f4ng r\u1ef1c r\u1ee1!<\/span><\/div>\n<div class=\"Fsg96\" data-sfc-cp=\"\" data-sfc-root=\"c\" data-sfc-cb=\"\" data-complete=\"true\" data-processed=\"true\"><\/div>\n\t\t\n<style>\n#text-2675559316 {\n  color: rgb(255,255,255);\n}\n#text-2675559316 > * {\n  color: rgb(255,255,255);\n}\n<\/style>\n\t<\/div>\n\t\n\t\t<\/div>\n\t\t\t\t\t<\/div>\n\n\t\n<\/div>\n","protected":false},"excerpt":{"rendered":"","protected":false},"author":1,"featured_media":6,"parent":0,"menu_order":0,"comment_status":"closed","ping_status":"closed","template":"","meta":{"footnotes":""},"class_list":["post-29","page","type-page","status-publish","has-post-thumbnail","hentry"],"_links":{"self":[{"href":"https:\/\/188m.dev\/index.php?rest_route=\/wp\/v2\/pages\/29","targetHints":{"allow":["GET"]}}],"collection":[{"href":"https:\/\/188m.dev\/index.php?rest_route=\/wp\/v2\/pages"}],"about":[{"href":"https:\/\/188m.dev\/index.php?rest_route=\/wp\/v2\/types\/page"}],"author":[{"embeddable":true,"href":"https:\/\/188m.dev\/index.php?rest_route=\/wp\/v2\/users\/1"}],"replies":[{"embeddable":true,"href":"https:\/\/188m.dev\/index.php?rest_route=%2Fwp%2Fv2%2Fcomments&post=29"}],"version-history":[{"count":12,"href":"https:\/\/188m.dev\/index.php?rest_route=\/wp\/v2\/pages\/29\/revisions"}],"predecessor-version":[{"id":64,"href":"https:\/\/188m.dev\/index.php?rest_route=\/wp\/v2\/pages\/29\/revisions\/64"}],"wp:featuredmedia":[{"embeddable":true,"href":"https:\/\/188m.dev\/index.php?rest_route=\/wp\/v2\/media\/6"}],"wp:attachment":[{"href":"https:\/\/188m.dev\/index.php?rest_route=%2Fwp%2Fv2%2Fmedia&parent=29"}],"curies":[{"name":"wp","href":"https:\/\/api.w.org\/{rel}","templated":true}]}}